{"id":441,"date":"2019-11-02T10:19:06","date_gmt":"2019-11-02T09:19:06","guid":{"rendered":"http:\/\/dallenogare.info\/?page_id=441"},"modified":"2022-11-18T15:19:50","modified_gmt":"2022-11-18T14:19:50","slug":"series-photographiques","status":"publish","type":"page","link":"https:\/\/dallenogare.info\/","title":{"rendered":""},"content":{"rendered":"\t\t<div data-elementor-type=\"wp-page\" data-elementor-id=\"441\" class=\"elementor elementor-441\" data-elementor-post-type=\"page\">\n\t\t\t\t\t\t<section class=\"elementor-section elementor-top-section elementor-element elementor-element-1c9603a4 elementor-section-boxed elementor-section-height-default elementor-section-height-default\" data-id=\"1c9603a4\" data-element_type=\"section\" data-e-type=\"section\">\n\t\t\t\t\t\t<div class=\"elementor-container elementor-column-gap-default\">\n\t\t\t\t\t<div class=\"elementor-column elementor-col-100 elementor-top-column elementor-element elementor-element-fe66430\" data-id=\"fe66430\" data-element_type=\"column\" data-e-type=\"column\">\n\t\t\t<div class=\"elementor-widget-wrap elementor-element-populated\">\n\t\t\t\t\t\t<div class=\"elementor-element elementor-element-56dcb772 elementor-widget elementor-widget-text-editor\" data-id=\"56dcb772\" data-element_type=\"widget\" data-e-type=\"widget\" data-widget_type=\"text-editor.default\">\n\t\t\t\t<div class=\"elementor-widget-container\">\n\t\t\t\t\t\t\t\t\t<figure id=\"attachment_84\" aria-describedby=\"caption-attachment-84\" style=\"width: 525px\" class=\"wp-caption aligncenter\"><a href=\"http:\/\/dallenogare.info\/wp-content\/uploads\/2019\/09\/DSC9828-Modifier.jpg\" target=\"_blank\" rel=\"noopener\"><img fetchpriority=\"high\" decoding=\"async\" class=\"wp-image-84 size-large\" src=\"http:\/\/dallenogare.info\/wp-content\/uploads\/2019\/09\/DSC9828-Modifier-1024x643.jpg\" alt=\"\" width=\"525\" height=\"330\" srcset=\"https:\/\/dallenogare.info\/wp-content\/uploads\/2019\/09\/DSC9828-Modifier-1024x643.jpg 1024w, https:\/\/dallenogare.info\/wp-content\/uploads\/2019\/09\/DSC9828-Modifier-300x188.jpg 300w, https:\/\/dallenogare.info\/wp-content\/uploads\/2019\/09\/DSC9828-Modifier-768x482.jpg 768w, https:\/\/dallenogare.info\/wp-content\/uploads\/2019\/09\/DSC9828-Modifier.jpg 2000w\" sizes=\"(max-width: 525px) 100vw, 525px\" \/><\/a><figcaption id=\"caption-attachment-84\" class=\"wp-caption-text\">Kev\u00f4d-El. La Godivelle, juillet 2019<\/figcaption><\/figure><p style=\"text-align: left;\">Ma d\u00e9marche photographique est ordinaire : un carnet de vie. Je photographie mes proches, ceux que je croise, les lieux o\u00f9 je suis engag\u00e9, o\u00f9 je vis, par o\u00f9 je passe.<\/p><p>Regarder, ne pas perdre, donner \u00e0 voir.<\/p><p>Mais l\u2019\u00e9v\u00e9nement, dans l\u2019histoire, est porteur de ce qui l\u2019accomplit. Le r\u00e9el peut exprimer ce qui le d\u00e9passe : une fois cadr\u00e9 et fix\u00e9 en un instantan\u00e9, et sans jamais se d\u00e9tacher de l\u2019instant v\u00e9cu et capt\u00e9, il peut \u00eatre re\u00e7u comme symbole, conduire plus loin que ce qui est survenu factuellement, \u00ab historiquement \u00bb.<\/p><p>Sa lecture pourra \u00eatre morale, philosophique, spirituelle, mystique (des anciens disaient \u00ab anagogique \u00bb ; Artaud, \u00e0 propos du Champ de Bl\u00e9 aux Corbeaux\u00a0de Van Gogh parlait de \u00ab\u00a0fastueux augure\u00a0\u00bb).<\/p><p>O\u00f9 allons-nous ? La terre ne dit-elle pas le Ciel ?\u00a0<\/p><h4 style=\"padding-left: 40px; text-align: center;\"><span style=\"color: #999999;\"><a style=\"color: #999999;\" href=\"http:\/\/dallenogare.info\/index.php\/2019\/10\/20\/test\/\" target=\"_blank\" rel=\"noopener\"><strong>Sur la Terre comme au Ciel (2015)<\/strong><\/a><\/span><\/h4><p><a href=\"http:\/\/dallenogare.info\/index.php\/2019\/10\/20\/test\/\" target=\"_blank\" rel=\"noopener\"><img decoding=\"async\" class=\"size-thumbnail wp-image-287 aligncenter\" src=\"http:\/\/dallenogare.info\/wp-content\/uploads\/2019\/10\/Sur-la-terre-comme-au-ciel-55-sur-55-150x150.jpg\" alt=\"\" width=\"150\" height=\"150\" srcset=\"https:\/\/dallenogare.info\/wp-content\/uploads\/2019\/10\/Sur-la-terre-comme-au-ciel-55-sur-55-150x150.jpg 150w, https:\/\/dallenogare.info\/wp-content\/uploads\/2019\/10\/Sur-la-terre-comme-au-ciel-55-sur-55-300x300.jpg 300w, https:\/\/dallenogare.info\/wp-content\/uploads\/2019\/10\/Sur-la-terre-comme-au-ciel-55-sur-55-768x768.jpg 768w, https:\/\/dallenogare.info\/wp-content\/uploads\/2019\/10\/Sur-la-terre-comme-au-ciel-55-sur-55-100x100.jpg 100w, https:\/\/dallenogare.info\/wp-content\/uploads\/2019\/10\/Sur-la-terre-comme-au-ciel-55-sur-55.jpg 1000w\" sizes=\"(max-width: 150px) 100vw, 150px\" \/><\/a><\/p><h4 style=\"text-align: center;\"><span style=\"color: #999999;\"><a style=\"color: #999999;\" href=\"http:\/\/dallenogare.info\/index.php\/2019\/10\/19\/lumiere-au-pays-noir\/\" target=\"_blank\" rel=\"noopener\"><strong>Lumi\u00e8re au Pays Noir (en cours)<\/strong><\/a><\/span><\/h4><p><a href=\"http:\/\/dallenogare.info\/index.php\/2019\/10\/19\/lumiere-au-pays-noir\/\" target=\"_blank\" rel=\"noopener\"><img decoding=\"async\" class=\"size-thumbnail wp-image-1576 aligncenter\" src=\"http:\/\/dallenogare.info\/wp-content\/uploads\/2022\/11\/DSC4610NB-150x150.jpg\" alt=\"\" width=\"150\" height=\"150\" srcset=\"https:\/\/dallenogare.info\/wp-content\/uploads\/2022\/11\/DSC4610NB.jpg 150w, https:\/\/dallenogare.info\/wp-content\/uploads\/2022\/11\/DSC4610NB-100x100.jpg 100w\" sizes=\"(max-width: 150px) 100vw, 150px\" \/><\/a><\/p><h4 style=\"text-align: center;\"><span style=\"color: #999999;\"><a style=\"color: #999999;\" href=\"http:\/\/dallenogare.info\/index.php\/2020\/12\/31\/180-secondes-et-quelques-au-bps22-le-29-decembre-2020\/\" target=\"_blank\" rel=\"noopener\"><strong>180 secondes (et quelques) au BPS22, le 29 d\u00e9cembre 2020<\/strong><\/a><\/span><\/h4><p style=\"text-align: center;\"><a href=\"http:\/\/dallenogare.info\/index.php\/2020\/12\/31\/180-secondes-et-quelques-au-bps22-le-29-decembre-2020\/\" target=\"_blank\" rel=\"noopener\"><img loading=\"lazy\" decoding=\"async\" class=\"alignnone size-thumbnail wp-image-979\" src=\"http:\/\/dallenogare.info\/wp-content\/uploads\/2020\/12\/180-secondes-et-quelques-au-bps22-64-150x150.jpg\" alt=\"\" width=\"150\" height=\"150\" srcset=\"https:\/\/dallenogare.info\/wp-content\/uploads\/2020\/12\/180-secondes-et-quelques-au-bps22-64-150x150.jpg 150w, https:\/\/dallenogare.info\/wp-content\/uploads\/2020\/12\/180-secondes-et-quelques-au-bps22-64-100x100.jpg 100w\" sizes=\"(max-width: 150px) 100vw, 150px\" \/><\/a><\/p>\t\t\t\t\t\t\t\t<\/div>\n\t\t\t\t<\/div>\n\t\t\t\t\t<\/div>\n\t\t<\/div>\n\t\t\t\t\t<\/div>\n\t\t<\/section>\n\t\t\t\t<section class=\"elementor-section elementor-top-section elementor-element elementor-element-42ba9b1 elementor-section-boxed elementor-section-height-default elementor-section-height-default\" data-id=\"42ba9b1\" data-element_type=\"section\" data-e-type=\"section\">\n\t\t\t\t\t\t<div class=\"elementor-container elementor-column-gap-default\">\n\t\t\t\t\t<div class=\"elementor-column elementor-col-100 elementor-top-column elementor-element elementor-element-48ec916\" data-id=\"48ec916\" data-element_type=\"column\" data-e-type=\"column\">\n\t\t\t<div class=\"elementor-widget-wrap elementor-element-populated\">\n\t\t\t\t\t\t<div class=\"elementor-element elementor-element-8031a91 elementor-widget elementor-widget-text-editor\" data-id=\"8031a91\" data-element_type=\"widget\" data-e-type=\"widget\" data-widget_type=\"text-editor.default\">\n\t\t\t\t<div class=\"elementor-widget-container\">\n\t\t\t\t\t\t\t\t\t<p>My photographic approach is ordinary: a life notebook. I photograph my loved ones, those I meet, the places where I am engaged, where I live, where I pass through.<\/p><p>To look at, not to lose, to show.<\/p><p>But the event, in history, is the bearer of what accomplishes it. The real can express what exceeds it: once framed and fixed in a snapshot, and without ever detaching itself from the lived moment, it can be received as a symbol, lead further, from what happened factually, \u00ab\u00a0historically\u00a0\u00bb.<\/p><p>Its reading could be moral, philosophical, spiritual, mystical (some elders said<br \/>\u00ab anagogical \u00bb ; Artaud, about Van Gogh&rsquo;s Wheatfield with Crows, said\u00a0 \u00a0<br \/><span style=\"font-size: 1rem;\">\u00ab lavish augurs \u00bb).<\/span><\/p><p>Where are we going?\u00a0 Doesn&rsquo;t Earth tell Heaven?<\/p><hr \/><p style=\"text-align: center;\">Tous droits r\u00e9serv\u00e9s.<br \/>All rights reserved.<\/p>\t\t\t\t\t\t\t\t<\/div>\n\t\t\t\t<\/div>\n\t\t\t\t\t<\/div>\n\t\t<\/div>\n\t\t\t\t\t<\/div>\n\t\t<\/section>\n\t\t\t\t<section class=\"elementor-section elementor-top-section elementor-element elementor-element-e3632df elementor-section-boxed elementor-section-height-default elementor-section-height-default\" data-id=\"e3632df\" data-element_type=\"section\" data-e-type=\"section\">\n\t\t\t\t\t\t<div class=\"elementor-container elementor-column-gap-default\">\n\t\t\t\t\t<div class=\"elementor-column elementor-col-100 elementor-top-column elementor-element elementor-element-f9313f6\" data-id=\"f9313f6\" data-element_type=\"column\" data-e-type=\"column\">\n\t\t\t<div class=\"elementor-widget-wrap\">\n\t\t\t\t\t\t\t<\/div>\n\t\t<\/div>\n\t\t\t\t\t<\/div>\n\t\t<\/section>\n\t\t\t\t<\/div>\n\t\t","protected":false},"excerpt":{"rendered":"<p>Ma d\u00e9marche photographique est ordinaire : un carnet de vie. Je photographie mes proches, ceux que je croise, les lieux o\u00f9 je suis engag\u00e9, o\u00f9 je vis, par o\u00f9 je passe. Regarder, ne pas perdre, donner \u00e0 voir. Mais l\u2019\u00e9v\u00e9nement, dans l\u2019histoire, est porteur de ce qui l\u2019accomplit. Le r\u00e9el peut exprimer ce qui le &hellip; <\/p>\n<p class=\"link-more\"><a href=\"https:\/\/dallenogare.info\/\" class=\"more-link\">Continuer la lecture<span class=\"screen-reader-text\"> de &laquo;&nbsp;&nbsp;&raquo;<\/span><\/a><\/p>\n","protected":false},"author":1,"featured_media":0,"parent":0,"menu_order":0,"comment_status":"closed","ping_status":"closed","template":"","meta":{"footnotes":""},"class_list":["post-441","page","type-page","status-publish","hentry"],"_links":{"self":[{"href":"https:\/\/dallenogare.info\/index.php\/wp-json\/wp\/v2\/pages\/441","targetHints":{"allow":["GET"]}}],"collection":[{"href":"https:\/\/dallenogare.info\/index.php\/wp-json\/wp\/v2\/pages"}],"about":[{"href":"https:\/\/dallenogare.info\/index.php\/wp-json\/wp\/v2\/types\/page"}],"author":[{"embeddable":true,"href":"https:\/\/dallenogare.info\/index.php\/wp-json\/wp\/v2\/users\/1"}],"replies":[{"embeddable":true,"href":"https:\/\/dallenogare.info\/index.php\/wp-json\/wp\/v2\/comments?post=441"}],"version-history":[{"count":163,"href":"https:\/\/dallenogare.info\/index.php\/wp-json\/wp\/v2\/pages\/441\/revisions"}],"predecessor-version":[{"id":1633,"href":"https:\/\/dallenogare.info\/index.php\/wp-json\/wp\/v2\/pages\/441\/revisions\/1633"}],"wp:attachment":[{"href":"https:\/\/dallenogare.info\/index.php\/wp-json\/wp\/v2\/media?parent=441"}],"curies":[{"name":"wp","href":"https:\/\/api.w.org\/{rel}","templated":true}]}}